{"id":14869,"date":"2014-05-20T07:51:11","date_gmt":"2014-05-20T07:51:11","guid":{"rendered":"http:\/\/demo.qodeinteractive.com\/bridge57\/?page_id=14869"},"modified":"2022-12-08T22:14:01","modified_gmt":"2022-12-08T22:14:01","slug":"home","status":"publish","type":"page","link":"https:\/\/domantas.com.mx\/","title":{"rendered":"Home"},"content":{"rendered":"<p>[vc_row css_animation=&#8221;&#8221; row_type=&#8221;row&#8221; use_row_as_full_screen_section=&#8221;no&#8221; type=&#8221;grid&#8221; angled_section=&#8221;no&#8221; text_align=&#8221;left&#8221; background_image_as_pattern=&#8221;without_pattern&#8221; background_color=&#8221;#111111&#8243; z_index=&#8221;&#8221;][vc_column width=&#8221;1\/4&#8243;][vc_single_image image=&#8221;15277&#8243; img_size=&#8221;full&#8221; alignment=&#8221;center&#8221; qode_css_animation=&#8221;&#8221;][vc_separator type=&#8221;transparent&#8221; up=&#8221;16&#8243; down=&#8221;0&#8243;][vc_column_text]<\/p>\n<h5 style=\"text-align: center;\">Construcci\u00f3n<\/h5>\n<p>[\/vc_column_text][vc_separator type=&#8221;transparent&#8221; up=&#8221;43&#8243; down=&#8221;0&#8243;][\/vc_column][vc_column width=&#8221;1\/4&#8243;][vc_single_image image=&#8221;15278&#8243; img_size=&#8221;full&#8221; alignment=&#8221;center&#8221; qode_css_animation=&#8221;&#8221;][vc_separator type=&#8221;transparent&#8221; up=&#8221;16&#8243; down=&#8221;0&#8243;][vc_column_text]<\/p>\n<h5 style=\"text-align: center;\">Asesor\u00eda<\/h5>\n<p>[\/vc_column_text][vc_separator type=&#8221;transparent&#8221; up=&#8221;43&#8243; down=&#8221;0&#8243;][\/vc_column][vc_column width=&#8221;1\/4&#8243;][vc_single_image image=&#8221;15279&#8243; img_size=&#8221;full&#8221; alignment=&#8221;center&#8221; qode_css_animation=&#8221;&#8221;][vc_separator type=&#8221;transparent&#8221; up=&#8221;16&#8243; down=&#8221;0&#8243;][vc_column_text]<\/p>\n<h5 style=\"text-align: center;\">Supervisi\u00f3n<\/h5>\n<p>[\/vc_column_text][vc_separator type=&#8221;transparent&#8221; up=&#8221;43&#8243; down=&#8221;0&#8243;][\/vc_column][vc_column width=&#8221;1\/4&#8243;][vc_single_image image=&#8221;15280&#8243; img_size=&#8221;full&#8221; alignment=&#8221;center&#8221; qode_css_animation=&#8221;&#8221;][vc_separator type=&#8221;transparent&#8221; up=&#8221;16&#8243; down=&#8221;0&#8243;][vc_column_text]<\/p>\n<h5 style=\"text-align: center;\">Mantenimiento<\/h5>\n<p>[\/vc_column_text][vc_separator type=&#8221;transparent&#8221; up=&#8221;43&#8243; down=&#8221;0&#8243;][\/vc_column][\/vc_row][vc_row css_animation=&#8221;&#8221; row_type=&#8221;row&#8221; use_row_as_full_screen_section=&#8221;no&#8221; type=&#8221;grid&#8221; angled_section=&#8221;no&#8221; text_align=&#8221;left&#8221; background_image_as_pattern=&#8221;without_pattern&#8221; background_image=&#8221;15297&#8243; z_index=&#8221;&#8221; padding_top=&#8221;99&#8243; background_color=&#8221;#000000&#8243;][vc_column width=&#8221;1\/2&#8243;][vc_column_text]<\/p>\n<h3>Domantas S.A. de C.V.<\/h3>\n<p>[\/vc_column_text][vc_separator type=&#8221;small&#8221; position=&#8221;left&#8221; up=&#8221;17&#8243; down=&#8221;26&#8243;][vc_column_text]Somos una empresa\u00a0<span class=\"s1\">100% mexicana<\/span> especializados en el ramo de la construci\u00f3n. Con <span class=\"s1\">m\u00e1s de 15 a\u00f1os de experiencia<\/span>, nuestros Ingenieros y\u00a0 personal t\u00e9cnico profesional es acompa\u00f1ado con <span class=\"s1\">los mejores productos comerciales<\/span> para tus proyectos Arquitect\u00f3nicos y de Construcci\u00f3n.[\/vc_column_text][vc_separator type=&#8221;transparent&#8221; up=&#8221;41&#8243; down=&#8221;0&#8243;][vc_column_text]<\/p>\n<h6><span style=\"color: #dfc01b;\">\u201cSi est\u00e1s creando un proyecto independiente o\u00a0<span class=\"s1\"><b>necesitas material<\/b><\/span>\u00a0para concluir un trabajo, nosotros te ayudamos a conseguir\u00a0<span class=\"s1\"><b>los mejores productos a los mejores precios<\/b>.<\/span> \u201d<\/span><\/h6>\n<p>[\/vc_column_text][vc_separator type=&#8221;transparent&#8221; up=&#8221;51&#8243; down=&#8221;0&#8243;][\/vc_column][vc_column width=&#8221;1\/2&#8243;][vc_single_image image=&#8221;15514&#8243; img_size=&#8221;full&#8221; qode_css_animation=&#8221;&#8221;][\/vc_column][\/vc_row][vc_row css_animation=&#8221;&#8221; row_type=&#8221;row&#8221; use_row_as_full_screen_section=&#8221;no&#8221; type=&#8221;full_width&#8221; angled_section=&#8221;no&#8221; text_align=&#8221;left&#8221; background_image_as_pattern=&#8221;without_pattern&#8221; z_index=&#8221;&#8221; background_color=&#8221;#ffffff&#8221;][vc_column width=&#8221;1\/6&#8243;][\/vc_column][vc_column width=&#8221;2\/3&#8243;][vc_single_image image=&#8221;15529&#8243; img_size=&#8221;full&#8221; alignment=&#8221;center&#8221; qode_css_animation=&#8221;&#8221;][\/vc_column][vc_column width=&#8221;1\/6&#8243;][\/vc_column][\/vc_row][vc_row row_type=&#8221;parallax&#8221; parallax_content_width=&#8221;in_grid&#8221; text_align=&#8221;left&#8221; full_screen_section_height=&#8221;no&#8221; background_image=&#8221;15511&#8243; section_height=&#8221;797&#8243;][vc_column][vc_separator type=&#8221;transparent&#8221; up=&#8221;104&#8243; down=&#8221;0&#8243;][vc_separator type=&#8221;small&#8221; position=&#8221;left&#8221; up=&#8221;17&#8243; down=&#8221;123&#8243;][vc_separator type=&#8221;transparent&#8221; up=&#8221;54&#8243; down=&#8221;0&#8243;][\/vc_column][\/vc_row][vc_row css_animation=&#8221;&#8221; row_type=&#8221;row&#8221; use_row_as_full_screen_section=&#8221;no&#8221; type=&#8221;full_width&#8221; angled_section=&#8221;no&#8221; text_align=&#8221;left&#8221; background_image_as_pattern=&#8221;without_pattern&#8221;][vc_column]<div class=\"call_to_action normal\" style=\"background-color: #0a0a0a;padding-top: 85px;padding-bottom: 85px;\"><div class=\"container_inner\"><div class=\"two_columns_75_25 clearfix\"><div class=\"text_wrapper column1\"><div class=\"call_to_action_text  font_size_inherit font_weight_inherit letter_spacing_inherit\" style=\"font-size:24px;font-weight: 400;letter-spacing: 0px;\">Cu\u00e9ntanos qu\u00e9 proyecto tienes en mente.<\/div><\/div><div class=\"button_wrapper column2\"><a itemprop=\"url\" href=\"#\" class=\"qbutton white \" target=\"_self\" style=\"color: #fefefe;border-color: #dfc01b;background-color: #dfc01b;\"data-hover-background-color=#ffffff data-hover-border-color=#ffffff data-hover-color=#dfc01b>Cont\u00e1ctanos<\/a><\/div><\/div><\/div><\/div>[\/vc_column][\/vc_row][vc_row css_animation=&#8221;&#8221; row_type=&#8221;row&#8221; use_row_as_full_screen_section=&#8221;no&#8221; type=&#8221;grid&#8221; angled_section=&#8221;no&#8221; text_align=&#8221;left&#8221; background_image_as_pattern=&#8221;without_pattern&#8221; z_index=&#8221;&#8221;][vc_column width=&#8221;1\/2&#8243;][vc_single_image image=&#8221;15516&#8243; img_size=&#8221;full&#8221; qode_css_animation=&#8221;&#8221;][\/vc_column][vc_column width=&#8221;1\/2&#8243;][vc_column_text]<\/p>\n<h3>Servicios<\/h3>\n<p>[\/vc_column_text][vc_separator type=&#8221;transparent&#8221; up=&#8221;54&#8243; down=&#8221;0&#8243;][vc_column_text]<\/p>\n<div class=\"elementor-element elementor-element-a48774d elementor-widget elementor-widget-text-editor\" data-id=\"a48774d\" data-element_type=\"widget\" data-widget_type=\"text-editor.default\">\n<div class=\"elementor-widget-container\">\n<div class=\"elementor-text-editor elementor-clearfix\">\n<p><strong>Mantenimiento<\/strong> &#8211; Preventivo y correctivo para que tu espacio este en excelente funcionamiento y durabilidad.<\/p>\n<div class=\"elementor-element elementor-element-af7ad18 elementor-widget elementor-widget-text-editor\" data-id=\"af7ad18\" data-element_type=\"widget\" data-widget_type=\"text-editor.default\">\n<div class=\"elementor-widget-container\">\n<div class=\"elementor-text-editor elementor-clearfix\">\n<p><strong>Remodelaci\u00f3n<\/strong> &#8211; Convierte un espacio sencillo en uno que incremente la productividad m\u00e1s all\u00e1 del 100%.<\/p>\n<p><strong>Plomer\u00eda y electricidad<\/strong> &#8211; Expertos en la instalaci\u00f3n y reparaci\u00f3n de sistemas hidr\u00e1ulicos y el\u00e9ctricos. M\u00e1s de 15 a\u00f1os nos respaldan.<\/p>\n<p><strong>Supervisi\u00f3n<\/strong> &#8211; Asesoramos y Supervisamos de manera profesional los proyectos de cada uno de nuestros clientes para eficientar y controlar los costos de la obra.<\/p>\n<p>&nbsp;<\/p>\n<\/div>\n<\/div>\n<\/div>\n<\/div>\n<\/div>\n<\/div>\n<p>[\/vc_column_text][\/vc_column][\/vc_row][vc_row css_animation=&#8221;&#8221; row_type=&#8221;row&#8221; use_row_as_full_screen_section=&#8221;no&#8221; type=&#8221;grid&#8221; angled_section=&#8221;no&#8221; text_align=&#8221;left&#8221; background_image_as_pattern=&#8221;without_pattern&#8221; padding_top=&#8221;112&#8243; background_color=&#8221;#120a0c&#8221; padding_bottom=&#8221;137&#8243; background_image=&#8221;15362&#8243;][vc_column][vc_column_text]<\/p>\n<h3>Domantas&#8230; tu mejor opci\u00f3n!<\/h3>\n<p>[\/vc_column_text][vc_separator type=&#8221;small&#8221; position=&#8221;left&#8221; up=&#8221;17&#8243; down=&#8221;57&#8243;][vc_column_text]Somos una empresa a la vanguardia en Ingeniar\u00eda para poder competir dentro del ramo Nacional e Internacional que demanda y exige la construcci\u00f3n.<\/p>\n<p>Contamos con diversos servicios profesionales para cubrir todas sus necesidades, bas\u00e1ndonos en la capacidad y experiencia[\/vc_column_text][vc_separator type=&#8221;transparent&#8221; up=&#8221;29&#8243; down=&#8221;0&#8243;][vc_column_text]Asesoramos, apoyamos y servimos a nuestros clientes con la finalidad transmitir tranquilidad, confianza, credibilidad, garant\u00eda, capacidad y calidad necesaria para crecer.[\/vc_column_text][vc_separator type=&#8221;transparent&#8221; up=&#8221;45&#8243; down=&#8221;0&#8243;][\/vc_column][\/vc_row]<\/p>\n","protected":false},"excerpt":{"rendered":"<p>[vc_row css_animation=&#8221;&#8221; row_type=&#8221;row&#8221; use_row_as_full_screen_section=&#8221;no&#8221; type=&#8221;grid&#8221; angled_section=&#8221;no&#8221; text_align=&#8221;left&#8221; background_image_as_pattern=&#8221;without_pattern&#8221; background_color=&#8221;#111111&#8243; z_index=&#8221;&#8221;][vc_column width=&#8221;1\/4&#8243;][vc_single_image image=&#8221;15277&#8243; img_size=&#8221;full&#8221; alignment=&#8221;center&#8221; qode_css_animation=&#8221;&#8221;][vc_separator type=&#8221;transparent&#8221; up=&#8221;16&#8243; down=&#8221;0&#8243;][vc_column_text] Construcci\u00f3n [\/vc_column_text][vc_separator type=&#8221;transparent&#8221; up=&#8221;43&#8243; down=&#8221;0&#8243;][\/vc_column][vc_column width=&#8221;1\/4&#8243;][vc_single_image image=&#8221;15278&#8243; img_size=&#8221;full&#8221; alignment=&#8221;center&#8221; qode_css_animation=&#8221;&#8221;][vc_separator type=&#8221;transparent&#8221; up=&#8221;16&#8243; down=&#8221;0&#8243;][vc_column_text] Asesor\u00eda [\/vc_column_text][vc_separator type=&#8221;transparent&#8221; up=&#8221;43&#8243; down=&#8221;0&#8243;][\/vc_column][vc_column width=&#8221;1\/4&#8243;][vc_single_image image=&#8221;15279&#8243; img_size=&#8221;full&#8221; alignment=&#8221;center&#8221; qode_css_animation=&#8221;&#8221;][vc_separator type=&#8221;transparent&#8221; up=&#8221;16&#8243; down=&#8221;0&#8243;][vc_column_text] Supervisi\u00f3n&#8230;<\/p>\n","protected":false},"author":1,"featured_media":0,"parent":0,"menu_order":0,"comment_status":"open","ping_status":"closed","template":"full_width.php","meta":{"footnotes":""},"class_list":["post-14869","page","type-page","status-publish","hentry"],"_links":{"self":[{"href":"https:\/\/domantas.com.mx\/index.php\/wp-json\/wp\/v2\/pages\/14869","targetHints":{"allow":["GET"]}}],"collection":[{"href":"https:\/\/domantas.com.mx\/index.php\/wp-json\/wp\/v2\/pages"}],"about":[{"href":"https:\/\/domantas.com.mx\/index.php\/wp-json\/wp\/v2\/types\/page"}],"author":[{"embeddable":true,"href":"https:\/\/domantas.com.mx\/index.php\/wp-json\/wp\/v2\/users\/1"}],"replies":[{"embeddable":true,"href":"https:\/\/domantas.com.mx\/index.php\/wp-json\/wp\/v2\/comments?post=14869"}],"version-history":[{"count":14,"href":"https:\/\/domantas.com.mx\/index.php\/wp-json\/wp\/v2\/pages\/14869\/revisions"}],"predecessor-version":[{"id":15534,"href":"https:\/\/domantas.com.mx\/index.php\/wp-json\/wp\/v2\/pages\/14869\/revisions\/15534"}],"wp:attachment":[{"href":"https:\/\/domantas.com.mx\/index.php\/wp-json\/wp\/v2\/media?parent=14869"}],"curies":[{"name":"wp","href":"https:\/\/api.w.org\/{rel}","templated":true}]}}